{"id":13,"date":"2025-10-25T12:07:50","date_gmt":"2025-10-25T12:07:50","guid":{"rendered":"https:\/\/monddmaskepp.hu\/?page_id=13"},"modified":"2025-10-26T18:01:54","modified_gmt":"2025-10-26T18:01:54","slug":"fooldal","status":"publish","type":"page","link":"https:\/\/monddmaskepp.hu\/","title":{"rendered":"F\u0151oldal"},"content":{"rendered":"\n<div class=\"wp-block-cover alignfull is-light hestia-clear-top-padding\"><span aria-hidden=\"true\" class=\"wp-block-cover__background has-white-background-color has-background-dim-100 has-background-dim\"><\/span><div class=\"wp-block-cover__inner-container is-layout-flow wp-block-cover-is-layout-flow\">\n<h2 class=\"wp-block-heading has-text-align-center has-text-color\" style=\"color:#6e6295\">Amit k\u00e9pvisel\u00fcnk<\/h2>\n\n\n\n<p><\/p>\n\n\n\n<div class=\"wp-block-columns container is-layout-flex wp-container-core-columns-is-layout-28f84493 wp-block-columns-is-layout-flex\">\n<div class=\"wp-block-column is-layout-flow wp-block-column-is-layout-flow\"><div class=\"wp-block-image\">\n<figure class=\"aligncenter size-full is-resized\"><img loading=\"lazy\" decoding=\"async\" width=\"619\" height=\"619\" src=\"https:\/\/monddmaskepp.hu\/wp-content\/uploads\/2025\/10\/elso-a-jo-1-1-edited.png\" alt=\"\" class=\"wp-image-88\" style=\"width:176px;height:auto\" srcset=\"https:\/\/monddmaskepp.hu\/wp-content\/uploads\/2025\/10\/elso-a-jo-1-1-edited.png 619w, https:\/\/monddmaskepp.hu\/wp-content\/uploads\/2025\/10\/elso-a-jo-1-1-edited-300x300.png 300w, https:\/\/monddmaskepp.hu\/wp-content\/uploads\/2025\/10\/elso-a-jo-1-1-edited-150x150.png 150w\" sizes=\"auto, (max-width: 619px) 100vw, 619px\" \/><\/figure>\n<\/div>\n\n\n<h5 class=\"wp-block-heading has-text-align-center has-text-color\" style=\"color:#6e6295;font-size:18px\">Tudatoss\u00e1g<\/h5>\n\n\n\n<p class=\"has-text-align-center has-text-color\" style=\"color:#333333;font-size:14px\">A tudatos kommunik\u00e1ci\u00f3 az els\u0151 l\u00e9p\u00e9s a meg\u00e9rt\u00e9s fel\u00e9. A tudatoss\u00e1g nem kontroll, hanem v\u00e1laszt\u00e1s: hogyan reag\u00e1lunk, mit mondunk, \u00e9s mit hallunk meg igaz\u00e1n.<\/p>\n\n\n\n<div style=\"height:25px\" aria-hidden=\"true\" class=\"wp-block-spacer\"><\/div>\n<\/div>\n\n\n\n<div class=\"wp-block-column is-layout-flow wp-block-column-is-layout-flow\"><div class=\"wp-block-image\">\n<figure class=\"aligncenter size-full is-resized\"><img loading=\"lazy\" decoding=\"async\" width=\"617\" height=\"617\" src=\"https:\/\/monddmaskepp.hu\/wp-content\/uploads\/2025\/10\/elso-a-jo-3-1-edited.png\" alt=\"\" class=\"wp-image-100\" style=\"width:179px;height:auto\" srcset=\"https:\/\/monddmaskepp.hu\/wp-content\/uploads\/2025\/10\/elso-a-jo-3-1-edited.png 617w, https:\/\/monddmaskepp.hu\/wp-content\/uploads\/2025\/10\/elso-a-jo-3-1-edited-300x300.png 300w, https:\/\/monddmaskepp.hu\/wp-content\/uploads\/2025\/10\/elso-a-jo-3-1-edited-150x150.png 150w\" sizes=\"auto, (max-width: 617px) 100vw, 617px\" \/><\/figure>\n<\/div>\n\n\n<h5 class=\"wp-block-heading has-text-align-center has-text-color\" style=\"color:#6e6295;font-size:18px\">Kapcsol\u00f3d\u00e1s<\/h5>\n\n\n\n<p class=\"has-text-align-center has-text-color\" style=\"color:#333333;font-size:14px\">Minden besz\u00e9lget\u00e9s lehet\u0151s\u00e9g a kapcsol\u00f3d\u00e1sra. Hisz\u00fcnk abban, hogy a szavaink hidakat \u00e9p\u00edthetnek. \u00d6nmagunkhoz \u00e9s m\u00e1sokhoz is.<\/p>\n\n\n\n<div style=\"height:25px\" aria-hidden=\"true\" class=\"wp-block-spacer\"><\/div>\n<\/div>\n\n\n\n<div class=\"wp-block-column is-layout-flow wp-block-column-is-layout-flow\"><div class=\"wp-block-image\">\n<figure class=\"aligncenter size-full is-resized\"><img loading=\"lazy\" decoding=\"async\" width=\"603\" height=\"603\" src=\"https:\/\/monddmaskepp.hu\/wp-content\/uploads\/2025\/10\/elso-a-jo-4-edited-1.png\" alt=\"\" class=\"wp-image-113\" style=\"width:180px;height:auto\" srcset=\"https:\/\/monddmaskepp.hu\/wp-content\/uploads\/2025\/10\/elso-a-jo-4-edited-1.png 603w, https:\/\/monddmaskepp.hu\/wp-content\/uploads\/2025\/10\/elso-a-jo-4-edited-1-300x300.png 300w, https:\/\/monddmaskepp.hu\/wp-content\/uploads\/2025\/10\/elso-a-jo-4-edited-1-150x150.png 150w\" sizes=\"auto, (max-width: 603px) 100vw, 603px\" \/><\/figure>\n<\/div>\n\n\n<h5 class=\"wp-block-heading has-text-align-center has-text-color\" style=\"color:#6e6295;font-size:18px\">Fejl\u0151d\u00e9s<\/h5>\n\n\n\n<p class=\"has-text-align-center has-text-color\" style=\"color:#333333;font-size:14px\">Tanuld meg felismerni a saj\u00e1t \u00e9rz\u00e9seidet \u00e9s hat\u00e1raidat, hogy magabiztosan, asszert\u00edven \u00e9s egy\u00fcttm\u0171k\u00f6d\u0151en tudd k\u00e9pviselni \u00f6nmagad minden helyzetben.<\/p>\n\n\n\n<div style=\"height:25px\" aria-hidden=\"true\" class=\"wp-block-spacer\"><\/div>\n<\/div>\n<\/div>\n\n\n\n<div style=\"height:40px\" aria-hidden=\"true\" class=\"wp-block-spacer\"><\/div>\n<\/div><\/div>\n\n\n\n<h2 class=\"wp-block-heading has-text-align-center has-text-color has-link-color wp-elements-6c00bdecaa54c344ea5b1f26294eddbf\" style=\"color:#6e6295\">K\u00e9t ember k\u00f6zt a legr\u00f6videbb \u00fat a besz\u00e9d.<\/h2>\n\n\n\n<p><\/p>\n","protected":false},"excerpt":{"rendered":"<p>K\u00e9t ember k\u00f6zt a legr\u00f6videbb \u00fat a besz\u00e9d.<\/p>\n","protected":false},"author":1,"featured_media":0,"parent":0,"menu_order":0,"comment_status":"closed","ping_status":"closed","template":"","meta":{"_monsterinsights_skip_tracking":false,"_monsterinsights_sitenote_active":false,"_monsterinsights_sitenote_note":"","_monsterinsights_sitenote_category":0,"footnotes":""},"class_list":["post-13","page","type-page","status-publish","hentry"],"yoast_head":"<!-- This site is optimized with the Yoast SEO plugin v26.2 - https:\/\/yoast.com\/wordpress\/plugins\/seo\/ -->\n<title>F\u0151oldal - Mondd m\u00e1sk\u00e9pp<\/title>\n<meta name=\"robots\" content=\"index, follow, max-snippet:-1, max-image-preview:large, max-video-preview:-1\" \/>\n<link rel=\"canonical\" href=\"https:\/\/monddmaskepp.hu\/\" \/>\n<meta property=\"og:locale\" content=\"hu_HU\" \/>\n<meta property=\"og:type\" content=\"article\" \/>\n<meta property=\"og:title\" content=\"F\u0151oldal - Mondd m\u00e1sk\u00e9pp\" \/>\n<meta property=\"og:description\" content=\"K\u00e9t ember k\u00f6zt a legr\u00f6videbb \u00fat a besz\u00e9d.\" \/>\n<meta property=\"og:url\" content=\"https:\/\/monddmaskepp.hu\/\" \/>\n<meta property=\"og:site_name\" content=\"Mondd m\u00e1sk\u00e9pp\" \/>\n<meta property=\"article:publisher\" content=\"https:\/\/www.facebook.com\/profile.php?id=61580070320011\" \/>\n<meta property=\"article:modified_time\" content=\"2025-10-26T18:01:54+00:00\" \/>\n<meta property=\"og:image\" content=\"https:\/\/monddmaskepp.hu\/wp-content\/uploads\/2025\/10\/elso-a-jo-1-1-edited.png\" \/>\n\t<meta property=\"og:image:width\" content=\"619\" \/>\n\t<meta property=\"og:image:height\" content=\"619\" \/>\n\t<meta property=\"og:image:type\" content=\"image\/png\" \/>\n<meta name=\"twitter:card\" content=\"summary_large_image\" \/>\n<meta name=\"twitter:label1\" content=\"Becs\u00fclt olvas\u00e1si id\u0151\" \/>\n\t<meta name=\"twitter:data1\" content=\"1 perc\" \/>\n<script type=\"application\/ld+json\" class=\"yoast-schema-graph\">{\"@context\":\"https:\/\/schema.org\",\"@graph\":[{\"@type\":\"WebPage\",\"@id\":\"https:\/\/monddmaskepp.hu\/\",\"url\":\"https:\/\/monddmaskepp.hu\/\",\"name\":\"F\u0151oldal - Mondd m\u00e1sk\u00e9pp\",\"isPartOf\":{\"@id\":\"https:\/\/monddmaskepp.hu\/#website\"},\"primaryImageOfPage\":{\"@id\":\"https:\/\/monddmaskepp.hu\/#primaryimage\"},\"image\":{\"@id\":\"https:\/\/monddmaskepp.hu\/#primaryimage\"},\"thumbnailUrl\":\"https:\/\/monddmaskepp.hu\/wp-content\/uploads\/2025\/10\/elso-a-jo-1-1-edited.png\",\"datePublished\":\"2025-10-25T12:07:50+00:00\",\"dateModified\":\"2025-10-26T18:01:54+00:00\",\"breadcrumb\":{\"@id\":\"https:\/\/monddmaskepp.hu\/#breadcrumb\"},\"inLanguage\":\"hu\",\"potentialAction\":[{\"@type\":\"ReadAction\",\"target\":[\"https:\/\/monddmaskepp.hu\/\"]}]},{\"@type\":\"ImageObject\",\"inLanguage\":\"hu\",\"@id\":\"https:\/\/monddmaskepp.hu\/#primaryimage\",\"url\":\"https:\/\/monddmaskepp.hu\/wp-content\/uploads\/2025\/10\/elso-a-jo-1-1-edited.png\",\"contentUrl\":\"https:\/\/monddmaskepp.hu\/wp-content\/uploads\/2025\/10\/elso-a-jo-1-1-edited.png\",\"width\":619,\"height\":619},{\"@type\":\"BreadcrumbList\",\"@id\":\"https:\/\/monddmaskepp.hu\/#breadcrumb\",\"itemListElement\":[{\"@type\":\"ListItem\",\"position\":1,\"name\":\"Home\",\"item\":\"https:\/\/monddmaskepp.hu\/\"},{\"@type\":\"ListItem\",\"position\":2,\"name\":\"F\u0151oldal\"}]},{\"@type\":\"WebSite\",\"@id\":\"https:\/\/monddmaskepp.hu\/#website\",\"url\":\"https:\/\/monddmaskepp.hu\/\",\"name\":\"Mondd m\u00e1sk\u00e9pp\",\"description\":\"\",\"publisher\":{\"@id\":\"https:\/\/monddmaskepp.hu\/#organization\"},\"potentialAction\":[{\"@type\":\"SearchAction\",\"target\":{\"@type\":\"EntryPoint\",\"urlTemplate\":\"https:\/\/monddmaskepp.hu\/?s={search_term_string}\"},\"query-input\":{\"@type\":\"PropertyValueSpecification\",\"valueRequired\":true,\"valueName\":\"search_term_string\"}}],\"inLanguage\":\"hu\"},{\"@type\":\"Organization\",\"@id\":\"https:\/\/monddmaskepp.hu\/#organization\",\"name\":\"Mondd m\u00e1sk\u00e9pp\",\"url\":\"https:\/\/monddmaskepp.hu\/\",\"logo\":{\"@type\":\"ImageObject\",\"inLanguage\":\"hu\",\"@id\":\"https:\/\/monddmaskepp.hu\/#\/schema\/logo\/image\/\",\"url\":\"https:\/\/monddmaskepp.hu\/wp-content\/uploads\/2025\/10\/cropped-mondd-maskepp-png-1-scaled-1.png\",\"contentUrl\":\"https:\/\/monddmaskepp.hu\/wp-content\/uploads\/2025\/10\/cropped-mondd-maskepp-png-1-scaled-1.png\",\"width\":2558,\"height\":1284,\"caption\":\"Mondd m\u00e1sk\u00e9pp\"},\"image\":{\"@id\":\"https:\/\/monddmaskepp.hu\/#\/schema\/logo\/image\/\"},\"sameAs\":[\"https:\/\/www.facebook.com\/profile.php?id=61580070320011\",\"https:\/\/www.instagram.com\/monddmaskepp\/\",\"https:\/\/www.tiktok.com\/@monddmaskepp\"]}]}<\/script>\n<!-- \/ Yoast SEO plugin. -->","yoast_head_json":{"title":"F\u0151oldal - Mondd m\u00e1sk\u00e9pp","robots":{"index":"index","follow":"follow","max-snippet":"max-snippet:-1","max-image-preview":"max-image-preview:large","max-video-preview":"max-video-preview:-1"},"canonical":"https:\/\/monddmaskepp.hu\/","og_locale":"hu_HU","og_type":"article","og_title":"F\u0151oldal - Mondd m\u00e1sk\u00e9pp","og_description":"K\u00e9t ember k\u00f6zt a legr\u00f6videbb \u00fat a besz\u00e9d.","og_url":"https:\/\/monddmaskepp.hu\/","og_site_name":"Mondd m\u00e1sk\u00e9pp","article_publisher":"https:\/\/www.facebook.com\/profile.php?id=61580070320011","article_modified_time":"2025-10-26T18:01:54+00:00","og_image":[{"width":619,"height":619,"url":"https:\/\/monddmaskepp.hu\/wp-content\/uploads\/2025\/10\/elso-a-jo-1-1-edited.png","type":"image\/png"}],"twitter_card":"summary_large_image","twitter_misc":{"Becs\u00fclt olvas\u00e1si id\u0151":"1 perc"},"schema":{"@context":"https:\/\/schema.org","@graph":[{"@type":"WebPage","@id":"https:\/\/monddmaskepp.hu\/","url":"https:\/\/monddmaskepp.hu\/","name":"F\u0151oldal - Mondd m\u00e1sk\u00e9pp","isPartOf":{"@id":"https:\/\/monddmaskepp.hu\/#website"},"primaryImageOfPage":{"@id":"https:\/\/monddmaskepp.hu\/#primaryimage"},"image":{"@id":"https:\/\/monddmaskepp.hu\/#primaryimage"},"thumbnailUrl":"https:\/\/monddmaskepp.hu\/wp-content\/uploads\/2025\/10\/elso-a-jo-1-1-edited.png","datePublished":"2025-10-25T12:07:50+00:00","dateModified":"2025-10-26T18:01:54+00:00","breadcrumb":{"@id":"https:\/\/monddmaskepp.hu\/#breadcrumb"},"inLanguage":"hu","potentialAction":[{"@type":"ReadAction","target":["https:\/\/monddmaskepp.hu\/"]}]},{"@type":"ImageObject","inLanguage":"hu","@id":"https:\/\/monddmaskepp.hu\/#primaryimage","url":"https:\/\/monddmaskepp.hu\/wp-content\/uploads\/2025\/10\/elso-a-jo-1-1-edited.png","contentUrl":"https:\/\/monddmaskepp.hu\/wp-content\/uploads\/2025\/10\/elso-a-jo-1-1-edited.png","width":619,"height":619},{"@type":"BreadcrumbList","@id":"https:\/\/monddmaskepp.hu\/#breadcrumb","itemListElement":[{"@type":"ListItem","position":1,"name":"Home","item":"https:\/\/monddmaskepp.hu\/"},{"@type":"ListItem","position":2,"name":"F\u0151oldal"}]},{"@type":"WebSite","@id":"https:\/\/monddmaskepp.hu\/#website","url":"https:\/\/monddmaskepp.hu\/","name":"Mondd m\u00e1sk\u00e9pp","description":"","publisher":{"@id":"https:\/\/monddmaskepp.hu\/#organization"},"potentialAction":[{"@type":"SearchAction","target":{"@type":"EntryPoint","urlTemplate":"https:\/\/monddmaskepp.hu\/?s={search_term_string}"},"query-input":{"@type":"PropertyValueSpecification","valueRequired":true,"valueName":"search_term_string"}}],"inLanguage":"hu"},{"@type":"Organization","@id":"https:\/\/monddmaskepp.hu\/#organization","name":"Mondd m\u00e1sk\u00e9pp","url":"https:\/\/monddmaskepp.hu\/","logo":{"@type":"ImageObject","inLanguage":"hu","@id":"https:\/\/monddmaskepp.hu\/#\/schema\/logo\/image\/","url":"https:\/\/monddmaskepp.hu\/wp-content\/uploads\/2025\/10\/cropped-mondd-maskepp-png-1-scaled-1.png","contentUrl":"https:\/\/monddmaskepp.hu\/wp-content\/uploads\/2025\/10\/cropped-mondd-maskepp-png-1-scaled-1.png","width":2558,"height":1284,"caption":"Mondd m\u00e1sk\u00e9pp"},"image":{"@id":"https:\/\/monddmaskepp.hu\/#\/schema\/logo\/image\/"},"sameAs":["https:\/\/www.facebook.com\/profile.php?id=61580070320011","https:\/\/www.instagram.com\/monddmaskepp\/","https:\/\/www.tiktok.com\/@monddmaskepp"]}]}},"_links":{"self":[{"href":"https:\/\/monddmaskepp.hu\/index.php\/wp-json\/wp\/v2\/pages\/13","targetHints":{"allow":["GET"]}}],"collection":[{"href":"https:\/\/monddmaskepp.hu\/index.php\/wp-json\/wp\/v2\/pages"}],"about":[{"href":"https:\/\/monddmaskepp.hu\/index.php\/wp-json\/wp\/v2\/types\/page"}],"author":[{"embeddable":true,"href":"https:\/\/monddmaskepp.hu\/index.php\/wp-json\/wp\/v2\/users\/1"}],"replies":[{"embeddable":true,"href":"https:\/\/monddmaskepp.hu\/index.php\/wp-json\/wp\/v2\/comments?post=13"}],"version-history":[{"count":41,"href":"https:\/\/monddmaskepp.hu\/index.php\/wp-json\/wp\/v2\/pages\/13\/revisions"}],"predecessor-version":[{"id":267,"href":"https:\/\/monddmaskepp.hu\/index.php\/wp-json\/wp\/v2\/pages\/13\/revisions\/267"}],"wp:attachment":[{"href":"https:\/\/monddmaskepp.hu\/index.php\/wp-json\/wp\/v2\/media?parent=13"}],"curies":[{"name":"wp","href":"https:\/\/api.w.org\/{rel}","templated":true}]}}