{"id":57,"date":"2025-10-26T11:47:14","date_gmt":"2025-10-26T11:47:14","guid":{"rendered":"https:\/\/monddmaskepp.hu\/?page_id=57"},"modified":"2025-10-27T10:18:14","modified_gmt":"2025-10-27T10:18:14","slug":"rolunk","status":"publish","type":"page","link":"https:\/\/monddmaskepp.hu\/index.php\/rolunk\/","title":{"rendered":"R\u00f3lunk"},"content":{"rendered":"\n<!-- Poppins bet\u0171t\u00edpus import\u00e1l\u00e1sa Google Fonts-b\u00f3l -->\n<link href=\"https:\/\/fonts.googleapis.com\/css2?family=Poppins:wght@400;600;700&#038;display=swap\" rel=\"stylesheet\">\n\n<section style=\"font-family: 'Poppins', sans-serif; background-color: #ffffff; padding: 60px 20px; color: #333333;\">\n  <div style=\"max-width: 900px; margin: 0 auto;\">\n\n    <!-- C\u00edmsor -->\n    <h1 style=\"color: #6e6295; font-size: 2.8em; text-align:center; margin-bottom: 40px;\"><\/h1>\n\n    <!-- Bevezet\u0151 szakasz -->\n    <div style=\"margin-bottom: 50px;\">\n      <p style=\"font-size: 1.2em; line-height: 1.8; margin-bottom: 20px;\">\n        El\u0151fordult m\u00e1r veled, hogy j\u00f3 sz\u00e1nd\u00e9kkal mondt\u00e1l valamit, m\u00e9gis t\u00e1mad\u00e1sk\u00e9nt \u00e9rz\u00e9kelte azt a m\u00e1sik? Gyakran nem az a gond, <strong>mit mondunk<\/strong>, hanem az, <strong>hogyan tessz\u00fck<\/strong>. Szavainkkal kapcsol\u00f3dhatunk, de sebezhet\u00fcnk is.\n      <\/p>\n      <p style=\"font-size: 1.15em; line-height: 1.8; margin-bottom: 20px; color: #333333;\">\n        A \u201eMondd m\u00e1sk\u00e9pp\u201d c\u00e9lja, hogy t\u00e1mogasson a tudatos \u00e9s eredm\u00e9nyes kommunik\u00e1ci\u00f3ban. Tudom\u00e1nyos alapokra t\u00e1maszkodva mutatjuk meg, hogyan \u00e9rtheted meg k\u00f6nnyebben a k\u00f6r\u00fcl\u00f6tted \u00e9l\u0151ket, \u00e9s hogyan \u00e9rheted el \u0151ket hat\u00e9konyabban \u2013 legyen sz\u00f3 gyerekekkel val\u00f3 kommunik\u00e1ci\u00f3r\u00f3l, p\u00e1rkapcsolati helyzetekr\u0151l, munkahelyi egy\u00fcttm\u0171k\u00f6d\u00e9sr\u0151l vagy ak\u00e1r \u00f6nreflexi\u00f3r\u00f3l, amely seg\u00edt abban, hogy jobban meg\u00e9rtsd saj\u00e1t \u00e9rz\u00e9seidet \u00e9s reakci\u00f3idat a kommunik\u00e1ci\u00f3ban.\n      <\/p>\n    <\/div>\n\n    <!-- Zsir\u00e1f szekci\u00f3 -->\n    <div style=\"background-color: #fbe698; padding: 35px; border-radius: 20px; margin-bottom: 50px; color: #333333;\">\n      <p style=\"font-size: 1.15em; line-height: 1.8; margin-bottom: 15px;\">\n        A log\u00f3nkban is megjelen\u0151 zsir\u00e1f a Marshall B. Rosenberg nev\u00e9hez k\u00f6thet\u0151 er\u0151szakmentes kommunik\u00e1ci\u00f3 ikonikus jelk\u00e9pe. A sz\u00e1razf\u00f6ldi eml\u0151s\u00e1llatok k\u00f6z\u00fcl a zsir\u00e1fnak van a legnagyobb sz\u00edve.\n      <\/p>\n      <p style=\"font-size: 1.15em; line-height: 1.8; margin-bottom: 15px;\">\n        B\u00e1r a zsir\u00e1f hatalmas erej\u0171 \u00e1llat, term\u00e9szet\u00e9n\u00e9l fogva b\u00e9k\u00e9s \u00e9s \u00f3vatos, \u00e9s sosem \u00e9l vissza erej\u00e9vel. K\u00fcl\u00f6nleges adotts\u00e1ga, hogy a t\u00f6vist a ny\u00e1l\u00e1val oldja fel \u2013 szimbolikusan ez azt mutatja, hogy a neh\u00e9z helyzeteket \u00e9s m\u00e1sok \u201efull\u00e1nkjait\u201d meg\u00e9rt\u00e9ssel \u00e9s szeretettel dolgozhatjuk fel.\n      <\/p>\n      <p style=\"font-size: 1.15em; line-height: 1.8; margin-bottom: 15px;\">\n        Mindek\u00f6zben pontosan ismeri saj\u00e1t \u00e9rz\u00e9seit \u00e9s ig\u00e9nyeit, b\u00e1tran ki\u00e1ll \u00e9rt\u00fck, ugyanakkor figyelmesen hallgat a m\u00e1sikra, \u00e9s t\u00f6rekszik a k\u00f6lcs\u00f6n\u00f6sen elfogadhat\u00f3 megold\u00e1sokra. \u00c9ppen ez\u00e9rt v\u00e1lt a zsir\u00e1f az er\u0151szakmentes kommunik\u00e1ci\u00f3 szimb\u00f3lum\u00e1v\u00e1, hiszen egyszerre er\u0151s, tudatos \u00e9s empatikus, a sz\u00edvb\u0151l val\u00f3 besz\u00e9d mintak\u00e9pe.\n      <\/p>\n    <\/div>\n\n    <!-- Ir\u00e1nyt\u0171 szekci\u00f3 -->\n    <div style=\"background-color: ; padding: 35px; border-radius: 20px; margin-bottom: 50px; color: #333333;\">\n      <p style=\"font-size: 1.15em; line-height: 1.8;\">\n     Sz\u00e1munkra is a zsir\u00e1fnyelv az ir\u00e1nyt\u0171 a kommunik\u00e1ci\u00f3ban, csak\u00fagy, mint Rosenberg gondolatai.\n      <\/p>\n    <\/div>\n\n    <!-- Felh\u00edv\u00e1s -->\n    <div style=\"background-color: #6e6295; padding: 35px; border-radius: 20px; margin-bottom: 50px; color: #fff; text-align:center;\">\n      <p style=\"font-size: 1.2em; line-height: 1.8; font-weight: bold;\">\n        Ha te is szeretn\u00e9l tudatosan, er\u0151szakmentesen kommunik\u00e1lni, asszert\u00edven ki\u00e1llni magad\u00e9rt, konfliktusokat hat\u00e9konyan kezelni, m\u00e1sokkal j\u00f3l egy\u00fcttm\u0171k\u00f6dni \u00e9s \u00f6nmagad jobban megismerni, akkor csatlakozz hozz\u00e1nk \u00e9s <span style=\"color: #fbe698;\">Te is mondd m\u00e1sk\u00e9pp!<\/span>\n      <\/p>\n    <\/div>\n\n  <\/div>\n<\/section>\n\n\n\n<p class=\"has-text-align-left\"><\/p>\n\n\n\n<ul class=\"wp-block-social-links aligncenter is-layout-flex wp-block-social-links-is-layout-flex\"><li class=\"wp-social-link wp-social-link-instagram  wp-block-social-link\"><a rel=\"noopener nofollow\" target=\"_blank\" href=\"https:\/\/www.instagram.com\/monddmaskepp\/?hl=hu\" class=\"wp-block-social-link-anchor\"><svg width=\"24\" height=\"24\" viewBox=\"0 0 24 24\" version=\"1.1\" xmlns=\"http:\/\/www.w3.org\/2000\/svg\" aria-hidden=\"true\" focusable=\"false\"><path d=\"M12,4.622c2.403,0,2.688,0.009,3.637,0.052c0.877,0.04,1.354,0.187,1.671,0.31c0.42,0.163,0.72,0.358,1.035,0.673 c0.315,0.315,0.51,0.615,0.673,1.035c0.123,0.317,0.27,0.794,0.31,1.671c0.043,0.949,0.052,1.234,0.052,3.637 s-0.009,2.688-0.052,3.637c-0.04,0.877-0.187,1.354-0.31,1.671c-0.163,0.42-0.358,0.72-0.673,1.035 c-0.315,0.315-0.615,0.51-1.035,0.673c-0.317,0.123-0.794,0.27-1.671,0.31c-0.949,0.043-1.233,0.052-3.637,0.052 s-2.688-0.009-3.637-0.052c-0.877-0.04-1.354-0.187-1.671-0.31c-0.42-0.163-0.72-0.358-1.035-0.673 c-0.315-0.315-0.51-0.615-0.673-1.035c-0.123-0.317-0.27-0.794-0.31-1.671C4.631,14.688,4.622,14.403,4.622,12 s0.009-2.688,0.052-3.637c0.04-0.877,0.187-1.354,0.31-1.671c0.163-0.42,0.358-0.72,0.673-1.035 c0.315-0.315,0.615-0.51,1.035-0.673c0.317-0.123,0.794-0.27,1.671-0.31C9.312,4.631,9.597,4.622,12,4.622 M12,3 C9.556,3,9.249,3.01,8.289,3.054C7.331,3.098,6.677,3.25,6.105,3.472C5.513,3.702,5.011,4.01,4.511,4.511 c-0.5,0.5-0.808,1.002-1.038,1.594C3.25,6.677,3.098,7.331,3.054,8.289C3.01,9.249,3,9.556,3,12c0,2.444,0.01,2.751,0.054,3.711 c0.044,0.958,0.196,1.612,0.418,2.185c0.23,0.592,0.538,1.094,1.038,1.594c0.5,0.5,1.002,0.808,1.594,1.038 c0.572,0.222,1.227,0.375,2.185,0.418C9.249,20.99,9.556,21,12,21s2.751-0.01,3.711-0.054c0.958-0.044,1.612-0.196,2.185-0.418 c0.592-0.23,1.094-0.538,1.594-1.038c0.5-0.5,0.808-1.002,1.038-1.594c0.222-0.572,0.375-1.227,0.418-2.185 C20.99,14.751,21,14.444,21,12s-0.01-2.751-0.054-3.711c-0.044-0.958-0.196-1.612-0.418-2.185c-0.23-0.592-0.538-1.094-1.038-1.594 c-0.5-0.5-1.002-0.808-1.594-1.038c-0.572-0.222-1.227-0.375-2.185-0.418C14.751,3.01,14.444,3,12,3L12,3z M12,7.378 c-2.552,0-4.622,2.069-4.622,4.622S9.448,16.622,12,16.622s4.622-2.069,4.622-4.622S14.552,7.378,12,7.378z M12,15 c-1.657,0-3-1.343-3-3s1.343-3,3-3s3,1.343,3,3S13.657,15,12,15z M16.804,6.116c-0.596,0-1.08,0.484-1.08,1.08 s0.484,1.08,1.08,1.08c0.596,0,1.08-0.484,1.08-1.08S17.401,6.116,16.804,6.116z\"><\/path><\/svg><span class=\"wp-block-social-link-label screen-reader-text\">Instagram<\/span><\/a><\/li>\n\n<li class=\"wp-social-link wp-social-link-facebook  wp-block-social-link\"><a rel=\"noopener nofollow\" target=\"_blank\" href=\"https:\/\/www.facebook.com\/profile.php?id=61580070320011&#038;sk=about\" class=\"wp-block-social-link-anchor\"><svg width=\"24\" height=\"24\" viewBox=\"0 0 24 24\" version=\"1.1\" xmlns=\"http:\/\/www.w3.org\/2000\/svg\" aria-hidden=\"true\" focusable=\"false\"><path d=\"M12 2C6.5 2 2 6.5 2 12c0 5 3.7 9.1 8.4 9.9v-7H7.9V12h2.5V9.8c0-2.5 1.5-3.9 3.8-3.9 1.1 0 2.2.2 2.2.2v2.5h-1.3c-1.2 0-1.6.8-1.6 1.6V12h2.8l-.4 2.9h-2.3v7C18.3 21.1 22 17 22 12c0-5.5-4.5-10-10-10z\"><\/path><\/svg><span class=\"wp-block-social-link-label screen-reader-text\">Facebook<\/span><\/a><\/li>\n\n<li class=\"wp-social-link wp-social-link-tiktok  wp-block-social-link\"><a rel=\"noopener nofollow\" target=\"_blank\" href=\"https:\/\/www.tiktok.com\/@monddmaskepp?is_from_webapp=1&#038;sender_device=pc\" class=\"wp-block-social-link-anchor\"><svg width=\"24\" height=\"24\" viewBox=\"0 0 32 32\" version=\"1.1\" xmlns=\"http:\/\/www.w3.org\/2000\/svg\" aria-hidden=\"true\" focusable=\"false\"><path d=\"M16.708 0.027c1.745-0.027 3.48-0.011 5.213-0.027 0.105 2.041 0.839 4.12 2.333 5.563 1.491 1.479 3.6 2.156 5.652 2.385v5.369c-1.923-0.063-3.855-0.463-5.6-1.291-0.76-0.344-1.468-0.787-2.161-1.24-0.009 3.896 0.016 7.787-0.025 11.667-0.104 1.864-0.719 3.719-1.803 5.255-1.744 2.557-4.771 4.224-7.88 4.276-1.907 0.109-3.812-0.411-5.437-1.369-2.693-1.588-4.588-4.495-4.864-7.615-0.032-0.667-0.043-1.333-0.016-1.984 0.24-2.537 1.495-4.964 3.443-6.615 2.208-1.923 5.301-2.839 8.197-2.297 0.027 1.975-0.052 3.948-0.052 5.923-1.323-0.428-2.869-0.308-4.025 0.495-0.844 0.547-1.485 1.385-1.819 2.333-0.276 0.676-0.197 1.427-0.181 2.145 0.317 2.188 2.421 4.027 4.667 3.828 1.489-0.016 2.916-0.88 3.692-2.145 0.251-0.443 0.532-0.896 0.547-1.417 0.131-2.385 0.079-4.76 0.095-7.145 0.011-5.375-0.016-10.735 0.025-16.093z\" \/><\/svg><span class=\"wp-block-social-link-label screen-reader-text\">TikTok<\/span><\/a><\/li><\/ul>\n\n\n\n<p class=\"has-text-align-left\"><\/p>\n\n\n\n<p><\/p>\n","protected":false},"excerpt":{"rendered":"<p>El\u0151fordult m\u00e1r veled, hogy j\u00f3 sz\u00e1nd\u00e9kkal mondt\u00e1l valamit, m\u00e9gis t\u00e1mad\u00e1sk\u00e9nt \u00e9rz\u00e9kelte azt a m\u00e1sik? Gyakran nem az a gond, mit mondunk, hanem az, hogyan tessz\u00fck. Szavainkkal kapcsol\u00f3dhatunk, de sebezhet\u00fcnk is. A \u201eMondd m\u00e1sk\u00e9pp\u201d c\u00e9lja, hogy t\u00e1mogasson a tudatos \u00e9s eredm\u00e9nyes kommunik\u00e1ci\u00f3ban. Tudom\u00e1nyos alapokra t\u00e1maszkodva mutatjuk meg, hogyan \u00e9rtheted meg k\u00f6nnyebben [&hellip;]<\/p>\n","protected":false},"author":1,"featured_media":0,"parent":0,"menu_order":0,"comment_status":"closed","ping_status":"closed","template":"","meta":{"_monsterinsights_skip_tracking":false,"_monsterinsights_sitenote_active":false,"_monsterinsights_sitenote_note":"","_monsterinsights_sitenote_category":0,"footnotes":""},"class_list":["post-57","page","type-page","status-publish","hentry"],"yoast_head":"<!-- This site is optimized with the Yoast SEO plugin v26.2 - https:\/\/yoast.com\/wordpress\/plugins\/seo\/ -->\n<title>R\u00f3lunk - Mondd m\u00e1sk\u00e9pp<\/title>\n<meta name=\"robots\" content=\"index, follow, max-snippet:-1, max-image-preview:large, max-video-preview:-1\" \/>\n<link rel=\"canonical\" href=\"https:\/\/monddmaskepp.hu\/index.php\/rolunk\/\" \/>\n<meta property=\"og:locale\" content=\"hu_HU\" \/>\n<meta property=\"og:type\" content=\"article\" \/>\n<meta property=\"og:title\" content=\"R\u00f3lunk - Mondd m\u00e1sk\u00e9pp\" \/>\n<meta property=\"og:description\" content=\"El\u0151fordult m\u00e1r veled, hogy j\u00f3 sz\u00e1nd\u00e9kkal mondt\u00e1l valamit, m\u00e9gis t\u00e1mad\u00e1sk\u00e9nt \u00e9rz\u00e9kelte azt a m\u00e1sik? Gyakran nem az a gond, mit mondunk, hanem az, hogyan tessz\u00fck. Szavainkkal kapcsol\u00f3dhatunk, de sebezhet\u00fcnk is. A \u201eMondd m\u00e1sk\u00e9pp\u201d c\u00e9lja, hogy t\u00e1mogasson a tudatos \u00e9s eredm\u00e9nyes kommunik\u00e1ci\u00f3ban. Tudom\u00e1nyos alapokra t\u00e1maszkodva mutatjuk meg, hogyan \u00e9rtheted meg k\u00f6nnyebben [&hellip;]\" \/>\n<meta property=\"og:url\" content=\"https:\/\/monddmaskepp.hu\/index.php\/rolunk\/\" \/>\n<meta property=\"og:site_name\" content=\"Mondd m\u00e1sk\u00e9pp\" \/>\n<meta property=\"article:publisher\" content=\"https:\/\/www.facebook.com\/profile.php?id=61580070320011\" \/>\n<meta property=\"article:modified_time\" content=\"2025-10-27T10:18:14+00:00\" \/>\n<meta name=\"twitter:card\" content=\"summary_large_image\" \/>\n<meta name=\"twitter:label1\" content=\"Becs\u00fclt olvas\u00e1si id\u0151\" \/>\n\t<meta name=\"twitter:data1\" content=\"2 perc\" \/>\n<script type=\"application\/ld+json\" class=\"yoast-schema-graph\">{\"@context\":\"https:\/\/schema.org\",\"@graph\":[{\"@type\":\"WebPage\",\"@id\":\"https:\/\/monddmaskepp.hu\/index.php\/rolunk\/\",\"url\":\"https:\/\/monddmaskepp.hu\/index.php\/rolunk\/\",\"name\":\"R\u00f3lunk - Mondd m\u00e1sk\u00e9pp\",\"isPartOf\":{\"@id\":\"https:\/\/monddmaskepp.hu\/#website\"},\"datePublished\":\"2025-10-26T11:47:14+00:00\",\"dateModified\":\"2025-10-27T10:18:14+00:00\",\"breadcrumb\":{\"@id\":\"https:\/\/monddmaskepp.hu\/index.php\/rolunk\/#breadcrumb\"},\"inLanguage\":\"hu\",\"potentialAction\":[{\"@type\":\"ReadAction\",\"target\":[\"https:\/\/monddmaskepp.hu\/index.php\/rolunk\/\"]}]},{\"@type\":\"BreadcrumbList\",\"@id\":\"https:\/\/monddmaskepp.hu\/index.php\/rolunk\/#breadcrumb\",\"itemListElement\":[{\"@type\":\"ListItem\",\"position\":1,\"name\":\"Home\",\"item\":\"https:\/\/monddmaskepp.hu\/\"},{\"@type\":\"ListItem\",\"position\":2,\"name\":\"R\u00f3lunk\"}]},{\"@type\":\"WebSite\",\"@id\":\"https:\/\/monddmaskepp.hu\/#website\",\"url\":\"https:\/\/monddmaskepp.hu\/\",\"name\":\"Mondd m\u00e1sk\u00e9pp\",\"description\":\"\",\"publisher\":{\"@id\":\"https:\/\/monddmaskepp.hu\/#organization\"},\"potentialAction\":[{\"@type\":\"SearchAction\",\"target\":{\"@type\":\"EntryPoint\",\"urlTemplate\":\"https:\/\/monddmaskepp.hu\/?s={search_term_string}\"},\"query-input\":{\"@type\":\"PropertyValueSpecification\",\"valueRequired\":true,\"valueName\":\"search_term_string\"}}],\"inLanguage\":\"hu\"},{\"@type\":\"Organization\",\"@id\":\"https:\/\/monddmaskepp.hu\/#organization\",\"name\":\"Mondd m\u00e1sk\u00e9pp\",\"url\":\"https:\/\/monddmaskepp.hu\/\",\"logo\":{\"@type\":\"ImageObject\",\"inLanguage\":\"hu\",\"@id\":\"https:\/\/monddmaskepp.hu\/#\/schema\/logo\/image\/\",\"url\":\"https:\/\/monddmaskepp.hu\/wp-content\/uploads\/2025\/10\/cropped-mondd-maskepp-png-1-scaled-1.png\",\"contentUrl\":\"https:\/\/monddmaskepp.hu\/wp-content\/uploads\/2025\/10\/cropped-mondd-maskepp-png-1-scaled-1.png\",\"width\":2558,\"height\":1284,\"caption\":\"Mondd m\u00e1sk\u00e9pp\"},\"image\":{\"@id\":\"https:\/\/monddmaskepp.hu\/#\/schema\/logo\/image\/\"},\"sameAs\":[\"https:\/\/www.facebook.com\/profile.php?id=61580070320011\",\"https:\/\/www.instagram.com\/monddmaskepp\/\",\"https:\/\/www.tiktok.com\/@monddmaskepp\"]}]}<\/script>\n<!-- \/ Yoast SEO plugin. -->","yoast_head_json":{"title":"R\u00f3lunk - Mondd m\u00e1sk\u00e9pp","robots":{"index":"index","follow":"follow","max-snippet":"max-snippet:-1","max-image-preview":"max-image-preview:large","max-video-preview":"max-video-preview:-1"},"canonical":"https:\/\/monddmaskepp.hu\/index.php\/rolunk\/","og_locale":"hu_HU","og_type":"article","og_title":"R\u00f3lunk - Mondd m\u00e1sk\u00e9pp","og_description":"El\u0151fordult m\u00e1r veled, hogy j\u00f3 sz\u00e1nd\u00e9kkal mondt\u00e1l valamit, m\u00e9gis t\u00e1mad\u00e1sk\u00e9nt \u00e9rz\u00e9kelte azt a m\u00e1sik? Gyakran nem az a gond, mit mondunk, hanem az, hogyan tessz\u00fck. Szavainkkal kapcsol\u00f3dhatunk, de sebezhet\u00fcnk is. A \u201eMondd m\u00e1sk\u00e9pp\u201d c\u00e9lja, hogy t\u00e1mogasson a tudatos \u00e9s eredm\u00e9nyes kommunik\u00e1ci\u00f3ban. Tudom\u00e1nyos alapokra t\u00e1maszkodva mutatjuk meg, hogyan \u00e9rtheted meg k\u00f6nnyebben [&hellip;]","og_url":"https:\/\/monddmaskepp.hu\/index.php\/rolunk\/","og_site_name":"Mondd m\u00e1sk\u00e9pp","article_publisher":"https:\/\/www.facebook.com\/profile.php?id=61580070320011","article_modified_time":"2025-10-27T10:18:14+00:00","twitter_card":"summary_large_image","twitter_misc":{"Becs\u00fclt olvas\u00e1si id\u0151":"2 perc"},"schema":{"@context":"https:\/\/schema.org","@graph":[{"@type":"WebPage","@id":"https:\/\/monddmaskepp.hu\/index.php\/rolunk\/","url":"https:\/\/monddmaskepp.hu\/index.php\/rolunk\/","name":"R\u00f3lunk - Mondd m\u00e1sk\u00e9pp","isPartOf":{"@id":"https:\/\/monddmaskepp.hu\/#website"},"datePublished":"2025-10-26T11:47:14+00:00","dateModified":"2025-10-27T10:18:14+00:00","breadcrumb":{"@id":"https:\/\/monddmaskepp.hu\/index.php\/rolunk\/#breadcrumb"},"inLanguage":"hu","potentialAction":[{"@type":"ReadAction","target":["https:\/\/monddmaskepp.hu\/index.php\/rolunk\/"]}]},{"@type":"BreadcrumbList","@id":"https:\/\/monddmaskepp.hu\/index.php\/rolunk\/#breadcrumb","itemListElement":[{"@type":"ListItem","position":1,"name":"Home","item":"https:\/\/monddmaskepp.hu\/"},{"@type":"ListItem","position":2,"name":"R\u00f3lunk"}]},{"@type":"WebSite","@id":"https:\/\/monddmaskepp.hu\/#website","url":"https:\/\/monddmaskepp.hu\/","name":"Mondd m\u00e1sk\u00e9pp","description":"","publisher":{"@id":"https:\/\/monddmaskepp.hu\/#organization"},"potentialAction":[{"@type":"SearchAction","target":{"@type":"EntryPoint","urlTemplate":"https:\/\/monddmaskepp.hu\/?s={search_term_string}"},"query-input":{"@type":"PropertyValueSpecification","valueRequired":true,"valueName":"search_term_string"}}],"inLanguage":"hu"},{"@type":"Organization","@id":"https:\/\/monddmaskepp.hu\/#organization","name":"Mondd m\u00e1sk\u00e9pp","url":"https:\/\/monddmaskepp.hu\/","logo":{"@type":"ImageObject","inLanguage":"hu","@id":"https:\/\/monddmaskepp.hu\/#\/schema\/logo\/image\/","url":"https:\/\/monddmaskepp.hu\/wp-content\/uploads\/2025\/10\/cropped-mondd-maskepp-png-1-scaled-1.png","contentUrl":"https:\/\/monddmaskepp.hu\/wp-content\/uploads\/2025\/10\/cropped-mondd-maskepp-png-1-scaled-1.png","width":2558,"height":1284,"caption":"Mondd m\u00e1sk\u00e9pp"},"image":{"@id":"https:\/\/monddmaskepp.hu\/#\/schema\/logo\/image\/"},"sameAs":["https:\/\/www.facebook.com\/profile.php?id=61580070320011","https:\/\/www.instagram.com\/monddmaskepp\/","https:\/\/www.tiktok.com\/@monddmaskepp"]}]}},"_links":{"self":[{"href":"https:\/\/monddmaskepp.hu\/index.php\/wp-json\/wp\/v2\/pages\/57","targetHints":{"allow":["GET"]}}],"collection":[{"href":"https:\/\/monddmaskepp.hu\/index.php\/wp-json\/wp\/v2\/pages"}],"about":[{"href":"https:\/\/monddmaskepp.hu\/index.php\/wp-json\/wp\/v2\/types\/page"}],"author":[{"embeddable":true,"href":"https:\/\/monddmaskepp.hu\/index.php\/wp-json\/wp\/v2\/users\/1"}],"replies":[{"embeddable":true,"href":"https:\/\/monddmaskepp.hu\/index.php\/wp-json\/wp\/v2\/comments?post=57"}],"version-history":[{"count":37,"href":"https:\/\/monddmaskepp.hu\/index.php\/wp-json\/wp\/v2\/pages\/57\/revisions"}],"predecessor-version":[{"id":350,"href":"https:\/\/monddmaskepp.hu\/index.php\/wp-json\/wp\/v2\/pages\/57\/revisions\/350"}],"wp:attachment":[{"href":"https:\/\/monddmaskepp.hu\/index.php\/wp-json\/wp\/v2\/media?parent=57"}],"curies":[{"name":"wp","href":"https:\/\/api.w.org\/{rel}","templated":true}]}}